{"id":2,"date":"2020-07-30T16:34:05","date_gmt":"2020-07-30T19:34:05","guid":{"rendered":"http:\/\/joaoaureliocarmo.com.br\/?page_id=2"},"modified":"2020-11-30T16:41:56","modified_gmt":"2020-11-30T19:41:56","slug":"pagina-exemplo","status":"publish","type":"page","link":"http:\/\/joaoaureliocarmo.com.br\/index.php\/pagina-exemplo\/","title":{"rendered":"Quem \u00e9 Jo\u00e3o Aur\u00e9lio Carmo?"},"content":{"rendered":"\n<p>Olaa\u00e1, meu nome \u00e9 Jo\u00e3o Aur\u00e9lio Carmo, esposo da Geiziane e pai do JP, filho do Deus alt\u00edssimo e ajudo as pessoas como advogado para resolu\u00e7\u00f5es de seus problemas jur\u00eddicos (65) 9-9983-0979.<\/p>\n\n\n\n<p>Tenho um trabalho social junto ao Grupo de Evangelismo Jesus Comigo (<a rel=\"noreferrer noopener\" href=\"http:\/\/www.jesuscomigo.com.br\" target=\"_blank\">www.jesuscomigo.com.br<\/a> ) onde falamos da palavra de Deus, aproveite e entre em nosso site e cadastre para receber mensagens b\u00edblicas diariamente.<\/p>\n\n\n\n<p>Sou webmaster no blog da Aurelina do Carmo, que se chama Bom dia Cuiab\u00e1 ( <a rel=\"noreferrer noopener\" href=\"http:\/\/www.bomdiacuiaba.com.br\" target=\"_blank\">www.bomdiacuiaba.com.br<\/a> ) Poesias e contos 02 vezes por semana.<\/p>\n\n\n\n<p>Em 2020 fui pr\u00e9-candidato a vereador por Cuiab\u00e1, mas ap\u00f3s eu e meu partido resolvemos ajudar na retaguarda apoiando outro candidato e ajudando na parte jur\u00eddica. <\/p>\n\n\n\n<p>Eu senti no cora\u00e7\u00e3o em criar este site para mostrar coisas interessantes para o nosso dia-a-dia, macetes e pensamentos que possam somar em sua vida, pois acredito que se estamos aqui  \u00e9 para que possamos ensinar e somar com nossa popula\u00e7\u00e3o.<\/p>\n\n\n\n<p>Estamos juntos at\u00e9 depois do fim.<\/p>\n\n\n\n<p>#estamosjuntosat\u00e9depoisdofim<\/p>\n\n\n\n<p>#1porcentomelhoracadadia<\/p>\n","protected":false},"excerpt":{"rendered":"<p>Olaa\u00e1, meu nome \u00e9 Jo\u00e3o Aur\u00e9lio Carmo, esposo da Geiziane e pai do JP, filho do Deus alt\u00edssimo e ajudo as pessoas como advogado para resolu\u00e7\u00f5es de seus problemas jur\u00eddicos (65) 9-9983-0979. Tenho um trabalho social junto ao Grupo de Evangelismo Jesus Comigo (www.jesuscomigo.com.br ) onde falamos da palavra de Deus, aproveite e entre em [&hellip;]<\/p>\n","protected":false},"author":1,"featured_media":0,"parent":0,"menu_order":0,"comment_status":"closed","ping_status":"open","template":"","meta":{"_monsterinsights_skip_tracking":false,"_monsterinsights_sitenote_active":false,"_monsterinsights_sitenote_note":"","_monsterinsights_sitenote_category":0,"footnotes":""},"_links":{"self":[{"href":"http:\/\/joaoaureliocarmo.com.br\/index.php\/wp-json\/wp\/v2\/pages\/2"}],"collection":[{"href":"http:\/\/joaoaureliocarmo.com.br\/index.php\/wp-json\/wp\/v2\/pages"}],"about":[{"href":"http:\/\/joaoaureliocarmo.com.br\/index.php\/wp-json\/wp\/v2\/types\/page"}],"author":[{"embeddable":true,"href":"http:\/\/joaoaureliocarmo.com.br\/index.php\/wp-json\/wp\/v2\/users\/1"}],"replies":[{"embeddable":true,"href":"http:\/\/joaoaureliocarmo.com.br\/index.php\/wp-json\/wp\/v2\/comments?post=2"}],"version-history":[{"count":4,"href":"http:\/\/joaoaureliocarmo.com.br\/index.php\/wp-json\/wp\/v2\/pages\/2\/revisions"}],"predecessor-version":[{"id":35,"href":"http:\/\/joaoaureliocarmo.com.br\/index.php\/wp-json\/wp\/v2\/pages\/2\/revisions\/35"}],"wp:attachment":[{"href":"http:\/\/joaoaureliocarmo.com.br\/index.php\/wp-json\/wp\/v2\/media?parent=2"}],"curies":[{"name":"wp","href":"https:\/\/api.w.org\/{rel}","templated":true}]}}